{"id":16,"date":"2022-06-04T20:04:25","date_gmt":"2022-06-04T18:04:25","guid":{"rendered":"https:\/\/www.mineandmake.com\/?page_id=16"},"modified":"2024-05-03T12:10:39","modified_gmt":"2024-05-03T10:10:39","slug":"imprint","status":"publish","type":"page","link":"https:\/\/www.mineandmake.com\/en\/imprint\/","title":{"rendered":"Imprint"},"content":{"rendered":"<p>[et_pb_section fb_built=&#8221;1&#8243; _builder_version=&#8221;4.17.4&#8243; _module_preset=&#8221;default&#8221; global_colors_info=&#8221;{}&#8221;][et_pb_row _builder_version=&#8221;4.17.4&#8243; _module_preset=&#8221;103cbc17-454e-4441-95e4-23fa54413f5a&#8221; global_colors_info=&#8221;{}&#8221;][et_pb_column type=&#8221;4_4&#8243; _builder_version=&#8221;4.17.4&#8243; _module_preset=&#8221;default&#8221; global_colors_info=&#8221;{}&#8221;][et_pb_text _builder_version=&#8221;4.23.1&#8243; _module_preset=&#8221;1a12a47d-c07a-4f28-a800-ed83987d6e47&#8243; global_colors_info=&#8221;{}&#8221;]<\/p>\n<h1>Impressum<\/h1>\n<h2>Angaben gem\u00e4\u00df \u00a7 5 TMG<\/h2>\n<p>mine&amp;make GmbH<br \/>Roehrer Weg 8<br \/>71032 Boeblingen<\/p>\n<p>Handelsregister: HRB 769493<br \/>Registergericht: Amtsgericht Stuttgart<\/p>\n<p><strong>Vertreten durch:<\/strong><br \/>Gauthier Boisdequin<\/p>\n<h2>Kontakt<\/h2>\n<p>Telefon: +49 (0) 151 15628810<br \/>E-Mail: g.boisdequin@mineandmake.com<\/p>\n<p>Wir sind nicht bereit oder verpflichtet, an Streitbeilegungsverfahren vor einer Verbraucherschlichtungsstelle teilzunehmen.<\/p>\n<h3>Haftung f\u00fcr Inhalte<\/h3>\n<p>Als Diensteanbieter sind wir gem\u00e4\u00df \u00a7 7 Abs.1 TMG f\u00fcr eigene Inhalte auf diesen Seiten nach den allgemeinen Gesetzen verantwortlich. Nach \u00a7\u00a7 8 bis 10 TMG sind wir als Diensteanbieter jedoch nicht verpflichtet, \u00fcbermittelte oder gespeicherte fremde Informationen zu \u00fcberwachen oder nach Umst\u00e4nden zu forschen, die auf eine rechtswidrige T\u00e4tigkeit hinweisen.<\/p>\n<p>Verpflichtungen zur Entfernung oder Sperrung der Nutzung von Informationen nach den allgemeinen Gesetzen bleiben hiervon unber\u00fchrt. Eine diesbez\u00fcgliche Haftung ist jedoch erst ab dem Zeitpunkt der Kenntnis einer konkreten Rechtsverletzung m\u00f6glich. Bei Bekanntwerden von entsprechenden Rechtsverletzungen werden wir diese Inhalte umgehend entfernen.<\/p>\n<h3>Haftung f\u00fcr Links<\/h3>\n<p>Unser Angebot enth\u00e4lt Links zu externen Websites Dritter, auf deren Inhalte wir keinen Einfluss haben. Deshalb k\u00f6nnen wir f\u00fcr diese fremden Inhalte auch keine Gew\u00e4hr \u00fcbernehmen. F\u00fcr die Inhalte der verlinkten Seiten ist stets der jeweilige Anbieter oder Betreiber der Seiten verantwortlich. Die verlinkten Seiten wurden zum Zeitpunkt der Verlinkung auf m\u00f6gliche Rechtsverst\u00f6\u00dfe \u00fcberpr\u00fcft. Rechtswidrige Inhalte waren zum Zeitpunkt der Verlinkung nicht erkennbar.<\/p>\n<p>Eine permanente inhaltliche Kontrolle der verlinkten Seiten ist jedoch ohne konkrete Anhaltspunkte einer Rechtsverletzung nicht zumutbar. Bei Bekanntwerden von Rechtsverletzungen werden wir derartige Links umgehend entfernen.<\/p>\n<h3>Urheberrecht<\/h3>\n<p>Die durch die Seitenbetreiber erstellten Inhalte und Werke auf diesen Seiten unterliegen dem deutschen Urheberrecht. Die Vervielf\u00e4ltigung, Bearbeitung, Verbreitung und jede Art der Verwertung au\u00dferhalb der Grenzen des Urheberrechtes bed\u00fcrfen der schriftlichen Zustimmung des jeweiligen Autors bzw. Erstellers. Downloads und Kopien dieser Seite sind nur f\u00fcr den privaten, nicht kommerziellen Gebrauch gestattet.<\/p>\n<p>Soweit die Inhalte auf dieser Seite nicht vom Betreiber erstellt wurden, werden die Urheberrechte Dritter beachtet. Insbesondere werden Inhalte Dritter als solche gekennzeichnet. Sollten Sie trotzdem auf eine Urheberrechtsverletzung aufmerksam werden, bitten wir um einen entsprechenden Hinweis. Bei Bekanntwerden von Rechtsverletzungen werden wir derartige Inhalte umgehend entfernen.<\/p>\n<p>Quelle:<span>\u00a0<\/span><a href=\"https:\/\/www.e-recht24.de\/impressum-generator.html\">https:\/\/www.e-recht24.de\/impressum-generator.html<\/a><\/p>\n<p>[\/et_pb_text][\/et_pb_column][\/et_pb_row][et_pb_row _builder_version=&#8221;4.17.4&#8243; _module_preset=&#8221;103cbc17-454e-4441-95e4-23fa54413f5a&#8221; global_colors_info=&#8221;{}&#8221;][et_pb_column type=&#8221;4_4&#8243; _builder_version=&#8221;4.17.4&#8243; _module_preset=&#8221;default&#8221; global_colors_info=&#8221;{}&#8221;][et_pb_text _builder_version=&#8221;4.21.0&#8243; _module_preset=&#8221;1a12a47d-c07a-4f28-a800-ed83987d6e47&#8243; global_colors_info=&#8221;{}&#8221;]<\/p>\n<h2>Website von ATLAS NOVUS<\/h2>\n<p><strong><a href=\"https:\/\/www.atlas-novus.de\" target=\"_blank\" rel=\"noopener\">ATLAS NOVUS \u2013 Digital Agentur f\u00fcr Online-Strategie und Webdesign in Stuttgart<\/a><\/strong>[\/et_pb_text][\/et_pb_column][\/et_pb_row][\/et_pb_section]<\/p>\n","protected":false},"excerpt":{"rendered":"<p>Impressum Angaben gem\u00e4\u00df \u00a7 5 TMG mine&amp;make GmbHRoehrer Weg 871032 Boeblingen Handelsregister: HRB 769493Registergericht: Amtsgericht Stuttgart Vertreten durch:Gauthier Boisdequin Kontakt Telefon: +49 (0) 151 15628810E-Mail: g.boisdequin@mineandmake.com Wir sind nicht bereit oder verpflichtet, an Streitbeilegungsverfahren vor einer Verbraucherschlichtungsstelle teilzunehmen. Haftung f\u00fcr Inhalte Als Diensteanbieter sind wir gem\u00e4\u00df \u00a7 7 Abs.1 TMG f\u00fcr eigene Inhalte auf diesen [&hellip;]<\/p>\n","protected":false},"author":1,"featured_media":0,"parent":0,"menu_order":0,"comment_status":"closed","ping_status":"closed","template":"","meta":{"_et_pb_use_builder":"on","_et_pb_old_content":"","_et_gb_content_width":"","footnotes":""},"class_list":["post-16","page","type-page","status-publish","hentry"],"yoast_head":"<!-- This site is optimized with the Yoast SEO plugin v24.5 - https:\/\/yoast.com\/wordpress\/plugins\/seo\/ -->\n<title>Imprint | mine&amp;make<\/title>\n<meta name=\"robots\" content=\"index, follow, max-snippet:-1, max-image-preview:large, max-video-preview:-1\" \/>\n<link rel=\"canonical\" href=\"https:\/\/www.mineandmake.com\/imprint\/\" \/>\n<meta property=\"og:locale\" content=\"en_US\" \/>\n<meta property=\"og:type\" content=\"article\" \/>\n<meta property=\"og:title\" content=\"Imprint | mine&amp;make\" \/>\n<meta property=\"og:description\" content=\"Impressum Angaben gem\u00e4\u00df \u00a7 5 TMG mine&amp;make GmbHRoehrer Weg 871032 Boeblingen Handelsregister: HRB 769493Registergericht: Amtsgericht Stuttgart Vertreten durch:Gauthier Boisdequin Kontakt Telefon: +49 (0) 151 15628810E-Mail: g.boisdequin@mineandmake.com Wir sind nicht bereit oder verpflichtet, an Streitbeilegungsverfahren vor einer Verbraucherschlichtungsstelle teilzunehmen. Haftung f\u00fcr Inhalte Als Diensteanbieter sind wir gem\u00e4\u00df \u00a7 7 Abs.1 TMG f\u00fcr eigene Inhalte auf diesen [&hellip;]\" \/>\n<meta property=\"og:url\" content=\"https:\/\/www.mineandmake.com\/imprint\/\" \/>\n<meta property=\"og:site_name\" content=\"mine&amp;make\" \/>\n<meta property=\"article:modified_time\" content=\"2024-05-03T10:10:39+00:00\" \/>\n<meta property=\"og:image\" content=\"https:\/\/www.mineandmake.com\/wp-content\/uploads\/2023\/10\/MineMake-Showcase-ohne-Farbe.png\" \/>\n\t<meta property=\"og:image:width\" content=\"2000\" \/>\n\t<meta property=\"og:image:height\" content=\"1108\" \/>\n\t<meta property=\"og:image:type\" content=\"image\/png\" \/>\n<meta name=\"twitter:card\" content=\"summary_large_image\" \/>\n<meta name=\"twitter:label1\" content=\"Est. reading time\" \/>\n\t<meta name=\"twitter:data1\" content=\"3 minutes\" \/>\n<script type=\"application\/ld+json\" class=\"yoast-schema-graph\">{\"@context\":\"https:\/\/schema.org\",\"@graph\":[{\"@type\":\"WebPage\",\"@id\":\"https:\/\/www.mineandmake.com\/imprint\/\",\"url\":\"https:\/\/www.mineandmake.com\/imprint\/\",\"name\":\"Imprint | mine&amp;make\",\"isPartOf\":{\"@id\":\"https:\/\/www.mineandmake.com\/#website\"},\"datePublished\":\"2022-06-04T18:04:25+00:00\",\"dateModified\":\"2024-05-03T10:10:39+00:00\",\"breadcrumb\":{\"@id\":\"https:\/\/www.mineandmake.com\/imprint\/#breadcrumb\"},\"inLanguage\":\"en-US\",\"potentialAction\":[{\"@type\":\"ReadAction\",\"target\":[\"https:\/\/www.mineandmake.com\/imprint\/\"]}]},{\"@type\":\"BreadcrumbList\",\"@id\":\"https:\/\/www.mineandmake.com\/imprint\/#breadcrumb\",\"itemListElement\":[{\"@type\":\"ListItem\",\"position\":1,\"name\":\"Startseite\",\"item\":\"https:\/\/www.mineandmake.com\/en\/\"},{\"@type\":\"ListItem\",\"position\":2,\"name\":\"Imprint\"}]},{\"@type\":\"WebSite\",\"@id\":\"https:\/\/www.mineandmake.com\/#website\",\"url\":\"https:\/\/www.mineandmake.com\/\",\"name\":\"mine&amp;make\",\"description\":\"Innovation Consultancy for technical components and high-tech manufacturing processes\",\"publisher\":{\"@id\":\"https:\/\/www.mineandmake.com\/#organization\"},\"alternateName\":\"mine and make\",\"potentialAction\":[{\"@type\":\"SearchAction\",\"target\":{\"@type\":\"EntryPoint\",\"urlTemplate\":\"https:\/\/www.mineandmake.com\/?s={search_term_string}\"},\"query-input\":{\"@type\":\"PropertyValueSpecification\",\"valueRequired\":true,\"valueName\":\"search_term_string\"}}],\"inLanguage\":\"en-US\"},{\"@type\":\"Organization\",\"@id\":\"https:\/\/www.mineandmake.com\/#organization\",\"name\":\"mine&make\",\"alternateName\":\"mine and make\",\"url\":\"https:\/\/www.mineandmake.com\/\",\"logo\":{\"@type\":\"ImageObject\",\"inLanguage\":\"en-US\",\"@id\":\"https:\/\/www.mineandmake.com\/#\/schema\/logo\/image\/\",\"url\":\"https:\/\/www.mineandmake.com\/wp-content\/uploads\/2023\/10\/Mine-and-Make-Logo-300px.png\",\"contentUrl\":\"https:\/\/www.mineandmake.com\/wp-content\/uploads\/2023\/10\/Mine-and-Make-Logo-300px.png\",\"width\":300,\"height\":29,\"caption\":\"mine&make\"},\"image\":{\"@id\":\"https:\/\/www.mineandmake.com\/#\/schema\/logo\/image\/\"},\"sameAs\":[\"https:\/\/www.linkedin.com\/company\/mine-make-gmbh\/\"]}]}<\/script>\n<!-- \/ Yoast SEO plugin. -->","yoast_head_json":{"title":"Imprint | mine&amp;make","robots":{"index":"index","follow":"follow","max-snippet":"max-snippet:-1","max-image-preview":"max-image-preview:large","max-video-preview":"max-video-preview:-1"},"canonical":"https:\/\/www.mineandmake.com\/imprint\/","og_locale":"en_US","og_type":"article","og_title":"Imprint | mine&amp;make","og_description":"Impressum Angaben gem\u00e4\u00df \u00a7 5 TMG mine&amp;make GmbHRoehrer Weg 871032 Boeblingen Handelsregister: HRB 769493Registergericht: Amtsgericht Stuttgart Vertreten durch:Gauthier Boisdequin Kontakt Telefon: +49 (0) 151 15628810E-Mail: g.boisdequin@mineandmake.com Wir sind nicht bereit oder verpflichtet, an Streitbeilegungsverfahren vor einer Verbraucherschlichtungsstelle teilzunehmen. Haftung f\u00fcr Inhalte Als Diensteanbieter sind wir gem\u00e4\u00df \u00a7 7 Abs.1 TMG f\u00fcr eigene Inhalte auf diesen [&hellip;]","og_url":"https:\/\/www.mineandmake.com\/imprint\/","og_site_name":"mine&amp;make","article_modified_time":"2024-05-03T10:10:39+00:00","og_image":[{"width":2000,"height":1108,"url":"https:\/\/www.mineandmake.com\/wp-content\/uploads\/2023\/10\/MineMake-Showcase-ohne-Farbe.png","type":"image\/png"}],"twitter_card":"summary_large_image","twitter_misc":{"Est. reading time":"3 minutes"},"schema":{"@context":"https:\/\/schema.org","@graph":[{"@type":"WebPage","@id":"https:\/\/www.mineandmake.com\/imprint\/","url":"https:\/\/www.mineandmake.com\/imprint\/","name":"Imprint | mine&amp;make","isPartOf":{"@id":"https:\/\/www.mineandmake.com\/#website"},"datePublished":"2022-06-04T18:04:25+00:00","dateModified":"2024-05-03T10:10:39+00:00","breadcrumb":{"@id":"https:\/\/www.mineandmake.com\/imprint\/#breadcrumb"},"inLanguage":"en-US","potentialAction":[{"@type":"ReadAction","target":["https:\/\/www.mineandmake.com\/imprint\/"]}]},{"@type":"BreadcrumbList","@id":"https:\/\/www.mineandmake.com\/imprint\/#breadcrumb","itemListElement":[{"@type":"ListItem","position":1,"name":"Startseite","item":"https:\/\/www.mineandmake.com\/en\/"},{"@type":"ListItem","position":2,"name":"Imprint"}]},{"@type":"WebSite","@id":"https:\/\/www.mineandmake.com\/#website","url":"https:\/\/www.mineandmake.com\/","name":"mine&amp;make","description":"Innovation Consultancy for technical components and high-tech manufacturing processes","publisher":{"@id":"https:\/\/www.mineandmake.com\/#organization"},"alternateName":"mine and make","potentialAction":[{"@type":"SearchAction","target":{"@type":"EntryPoint","urlTemplate":"https:\/\/www.mineandmake.com\/?s={search_term_string}"},"query-input":{"@type":"PropertyValueSpecification","valueRequired":true,"valueName":"search_term_string"}}],"inLanguage":"en-US"},{"@type":"Organization","@id":"https:\/\/www.mineandmake.com\/#organization","name":"mine&make","alternateName":"mine and make","url":"https:\/\/www.mineandmake.com\/","logo":{"@type":"ImageObject","inLanguage":"en-US","@id":"https:\/\/www.mineandmake.com\/#\/schema\/logo\/image\/","url":"https:\/\/www.mineandmake.com\/wp-content\/uploads\/2023\/10\/Mine-and-Make-Logo-300px.png","contentUrl":"https:\/\/www.mineandmake.com\/wp-content\/uploads\/2023\/10\/Mine-and-Make-Logo-300px.png","width":300,"height":29,"caption":"mine&make"},"image":{"@id":"https:\/\/www.mineandmake.com\/#\/schema\/logo\/image\/"},"sameAs":["https:\/\/www.linkedin.com\/company\/mine-make-gmbh\/"]}]}},"_links":{"self":[{"href":"https:\/\/www.mineandmake.com\/en\/wp-json\/wp\/v2\/pages\/16","targetHints":{"allow":["GET"]}}],"collection":[{"href":"https:\/\/www.mineandmake.com\/en\/wp-json\/wp\/v2\/pages"}],"about":[{"href":"https:\/\/www.mineandmake.com\/en\/wp-json\/wp\/v2\/types\/page"}],"author":[{"embeddable":true,"href":"https:\/\/www.mineandmake.com\/en\/wp-json\/wp\/v2\/users\/1"}],"replies":[{"embeddable":true,"href":"https:\/\/www.mineandmake.com\/en\/wp-json\/wp\/v2\/comments?post=16"}],"version-history":[{"count":0,"href":"https:\/\/www.mineandmake.com\/en\/wp-json\/wp\/v2\/pages\/16\/revisions"}],"wp:attachment":[{"href":"https:\/\/www.mineandmake.com\/en\/wp-json\/wp\/v2\/media?parent=16"}],"curies":[{"name":"wp","href":"https:\/\/api.w.org\/{rel}","templated":true}]}}